{"id":48,"date":"2017-03-01T10:48:31","date_gmt":"2017-03-01T08:48:31","guid":{"rendered":"http:\/\/www.lidermermer.com\/?page_id=48"},"modified":"2021-03-13T11:10:48","modified_gmt":"2021-03-13T08:10:48","slug":"bize-ulasin","status":"publish","type":"page","link":"https:\/\/www.lidermermer.com\/en\/bize-ulasin\/","title":{"rendered":"Contact Us"},"content":{"rendered":"<section class=\"wpb-content-wrapper\"><p><\/p>\n<p>[vc_row][vc_column width=&#8221;1\/3&#8243;][vc_custom_heading text=&#8221;<strong>Head Office <\/strong> Address&#8221; font_container=&#8221;tag:h4|text_align:left&#8221; use_theme_fonts=&#8221;yes&#8221; skin=&#8221;dark&#8221;][vc_column_text]Merkez Mh. Mermer Sk. No:5 Ka\u011f\u0131thane \/ \u0130stanbul &#8211; T\u00dcRK\u0130YE<br \/>\n+90 212 294 0485<br \/>\n+90 212 295 1900<br \/>\ninfo@lidermermer.com[\/vc_column_text][vc_separator color=&#8221;custom&#8221; gradient=&#8221;yes&#8221;][vc_custom_heading text=&#8221;<strong>Working <\/strong> Hours&#8221; font_container=&#8221;tag:h4|text_align:left&#8221; use_theme_fonts=&#8221;yes&#8221; skin=&#8221;dark&#8221;][vc_column_text]Weekdays (Monday-Friday) \/ 9:00 &#8211; 18:00<br \/>\nWeekend (Saturday) \/ 09:00 &#8211; 13:00<br \/>\nWeekend (Sunday) \/ Closed[\/vc_column_text][vc_separator color=&#8221;custom&#8221; gradient=&#8221;yes&#8221;][vc_gmaps link=&#8221;#E-8_JTNDaWZyYW1lJTIwc3JjJTNEJTIyaHR0cHMlM0ElMkYlMkZ3d3cuZ29vZ2xlLmNvbSUyRm1hcHMlMkZlbWJlZCUzRnBiJTNEJTIxMW0xNCUyMTFtMTIlMjExbTMlMjExZDIzMC4wNzkwMTU0MzY3MTA3JTIxMmQyOC45NzM5ODA4NzU4OTU5NDMlMjEzZDQxLjA4MTI5MjYxNjE2MTIzJTIxMm0zJTIxMWYwJTIxMmYwJTIxM2YwJTIxM20yJTIxMWkxMDI0JTIxMmk3NjglMjE0ZjEzLjElMjE1ZTAlMjEzbTIlMjExc3RyJTIxMnN0ciUyMTR2MTQ4ODM5MDQxNjEwOSUyMiUyMHdpZHRoJTNEJTIyJTI1MTAwJTIyJTIwaGVpZ2h0JTNEJTIyMzAwJTIyJTIwZnJhbWVib3JkZXIlM0QlMjIwJTIyJTIwc3R5bGUlM0QlMjJib3JkZXIlM0EwJTIyJTIwYWxsb3dmdWxsc2NyZWVuJTNFJTNDJTJGaWZyYW1lJTNF&#8221;][\/vc_column][vc_column width=&#8221;1\/3&#8243;][vc_custom_heading text=&#8221;<strong>Contact <\/strong> Form&#8221; font_container=&#8221;tag:h4|text_align:left&#8221; use_theme_fonts=&#8221;yes&#8221; skin=&#8221;dark&#8221;][vc_column_text]You can contact us via e-mail, telephone or the form below. We will return you as soon as possible.[\/vc_column_text][vc_separator color=&#8221;custom&#8221; gradient=&#8221;yes&#8221;]\n<div class=\"wpcf7 no-js\" id=\"wpcf7-f47-o2\" lang=\"tr-TR\" dir=\"ltr\">\n<div class=\"screen-reader-response\"><p role=\"status\" aria-live=\"polite\" aria-atomic=\"true\"><\/p> <ul><\/ul><\/div>\n<form action=\"\/en\/wp-json\/wp\/v2\/pages\/48#wpcf7-f47-o2\" method=\"post\" class=\"wpcf7-form init\" aria-label=\"Contact form\" novalidate=\"novalidate\" data-status=\"init\">\n<div style=\"display: none;\">\n<input type=\"hidden\" name=\"_wpcf7\" value=\"47\" \/>\n<input type=\"hidden\" name=\"_wpcf7_version\" value=\"5.7.7\" \/>\n<input type=\"hidden\" name=\"_wpcf7_locale\" value=\"tr_TR\" \/>\n<input type=\"hidden\" name=\"_wpcf7_unit_tag\" value=\"wpcf7-f47-o2\" \/>\n<input type=\"hidden\" name=\"_wpcf7_container_post\" value=\"0\" \/>\n<input type=\"hidden\" name=\"_wpcf7_posted_data_hash\" value=\"\" \/>\n<\/div>\n<p>Name and Surname (*)\n<\/p>\n<p><span class=\"wpcf7-form-control-wrap\" data-name=\"your-name\"><input size=\"40\" class=\"wpcf7-form-control wpcf7-text wpcf7-validates-as-required\" aria-required=\"true\" aria-invalid=\"false\" value=\"\" type=\"text\" name=\"your-name\" \/><\/span>\n<\/p>\n<p>E-Mail Address (*)\n<\/p>\n<p><span class=\"wpcf7-form-control-wrap\" data-name=\"your-email\"><input size=\"40\" class=\"wpcf7-form-control wpcf7-text wpcf7-email wpcf7-validates-as-required wpcf7-validates-as-email\" aria-required=\"true\" aria-invalid=\"false\" value=\"\" type=\"email\" name=\"your-email\" \/><\/span>\n<\/p>\n<p>Your phone number (*)\n<\/p>\n<p><span class=\"wpcf7-form-control-wrap\" data-name=\"tel-377\"><input size=\"40\" class=\"wpcf7-form-control wpcf7-text wpcf7-tel wpcf7-validates-as-required wpcf7-validates-as-tel\" aria-required=\"true\" aria-invalid=\"false\" value=\"\" type=\"tel\" name=\"tel-377\" \/><\/span>\n<\/p>\n<p>subject\n<\/p>\n<p><span class=\"wpcf7-form-control-wrap\" data-name=\"your-subject\"><input size=\"40\" class=\"wpcf7-form-control wpcf7-text\" aria-invalid=\"false\" value=\"\" type=\"text\" name=\"your-subject\" \/><\/span>\n<\/p>\n<p>Your message\n<\/p>\n<p><span class=\"wpcf7-form-control-wrap\" data-name=\"your-message\"><textarea cols=\"40\" rows=\"10\" class=\"wpcf7-form-control wpcf7-textarea\" aria-invalid=\"false\" name=\"your-message\"><\/textarea><\/span>\n<\/p>\n<p><input class=\"wpcf7-form-control has-spinner wpcf7-submit\" type=\"submit\" value=\"Submit\" \/>\n<\/p>\n<p>The fields marked with (*) must be filled.\n<\/p><div class=\"wpcf7-response-output\" aria-hidden=\"true\"><\/div>\n<\/form>\n<\/div>\n[\/vc_column][\/vc_row]<\/p>\n<p><\/p>\n<\/section>","protected":false},"excerpt":{"rendered":"<p>[vc_row][vc_column width=&#8221;1\/3&#8243;][vc_custom_heading text=&#8221;Head Office Address&#8221; font_container=&#8221;tag:h4|text_align:left&#8221; use_theme_fonts=&#8221;yes&#8221; skin=&#8221;dark&#8221;][vc_column_text]Merkez Mh. Mermer Sk. No:5 Ka\u011f\u0131thane \/ \u0130stanbul &#8211; T\u00dcRK\u0130YE +90 212 294 0485 +90 212 295 1900 info@lidermermer.com[\/vc_column_text][vc_separator color=&#8221;custom&#8221; gradient=&#8221;yes&#8221;][vc_custom_heading text=&#8221;Working Hours&#8221; font_container=&#8221;tag:h4|text_align:left&#8221; use_theme_fonts=&#8221;yes&#8221; skin=&#8221;dark&#8221;][vc_column_text]Weekdays (Monday-Friday) \/ 9:00 &#8211; 18:00 Weekend (Saturday) \/ 09:00 &#8211; 13:00 Weekend (Sunday) \/ Closed[\/vc_column_text][vc_separator color=&#8221;custom&#8221; gradient=&#8221;yes&#8221;][vc_gmaps link=&#8221;#E-8_JTNDaWZyYW1lJTIwc3JjJTNEJTIyaHR0cHMlM0ElMkYlMkZ3d3cuZ29vZ2xlLmNvbSUyRm1hcHMlMkZlbWJlZCUzRnBiJTNEJTIxMW0xNCUyMTFtMTIlMjExbTMlMjExZDIzMC4wNzkwMTU0MzY3MTA3JTIxMmQyOC45NzM5ODA4NzU4OTU5NDMlMjEzZDQxLjA4MTI5MjYxNjE2MTIzJTIxMm0zJTIxMWYwJTIxMmYwJTIxM2YwJTIxM20yJTIxMWkxMDI0JTIxMmk3NjglMjE0ZjEzLjElMjE1ZTAlMjEzbTIlMjExc3RyJTIxMnN0ciUyMTR2MTQ4ODM5MDQxNjEwOSUyMiUyMHdpZHRoJTNEJTIyJTI1MTAwJTIyJTIwaGVpZ2h0JTNEJTIyMzAwJTIyJTIwZnJhbWVib3JkZXIlM0QlMjIwJTIyJTIwc3R5bGUlM0QlMjJib3JkZXIlM0EwJTIyJTIwYWxsb3dmdWxsc2NyZWVuJTNFJTNDJTJGaWZyYW1lJTNF&#8221;][\/vc_column][vc_column width=&#8221;1\/3&#8243;][vc_custom_heading text=&#8221;Contact Form&#8221; font_container=&#8221;tag:h4|text_align:left&#8221; [&hellip;]<\/p>\n","protected":false},"author":1,"featured_media":0,"parent":0,"menu_order":0,"comment_status":"closed","ping_status":"closed","template":"","meta":[],"aioseo_notices":[],"_links":{"self":[{"href":"https:\/\/www.lidermermer.com\/en\/wp-json\/wp\/v2\/pages\/48"}],"collection":[{"href":"https:\/\/www.lidermermer.com\/en\/wp-json\/wp\/v2\/pages"}],"about":[{"href":"https:\/\/www.lidermermer.com\/en\/wp-json\/wp\/v2\/types\/page"}],"author":[{"embeddable":true,"href":"https:\/\/www.lidermermer.com\/en\/wp-json\/wp\/v2\/users\/1"}],"replies":[{"embeddable":true,"href":"https:\/\/www.lidermermer.com\/en\/wp-json\/wp\/v2\/comments?post=48"}],"version-history":[{"count":46,"href":"https:\/\/www.lidermermer.com\/en\/wp-json\/wp\/v2\/pages\/48\/revisions"}],"predecessor-version":[{"id":810,"href":"https:\/\/www.lidermermer.com\/en\/wp-json\/wp\/v2\/pages\/48\/revisions\/810"}],"wp:attachment":[{"href":"https:\/\/www.lidermermer.com\/en\/wp-json\/wp\/v2\/media?parent=48"}],"curies":[{"name":"wp","href":"https:\/\/api.w.org\/{rel}","templated":true}]}}