{"id":95,"date":"2017-03-01T16:20:14","date_gmt":"2017-03-01T14:20:14","guid":{"rendered":"http:\/\/www.lidermermer.com\/?page_id=95"},"modified":"2017-03-01T16:24:51","modified_gmt":"2017-03-01T14:24:51","slug":"hizmetlerimiz","status":"publish","type":"page","link":"https:\/\/www.lidermermer.com\/ar\/hizmetlerimiz\/","title":{"rendered":"Hizmetlerimiz"},"content":{"rendered":"<section class=\"wpb-content-wrapper\"><p>[vc_row][vc_column width=&#8221;3\/4&#8243;][vc_column_text]Lider Mermer \u00fcr\u00fcnlerini di\u011fer y\u00fczey kaplama malzemelerinden ay\u0131ran bir di\u011fer \u00f6zellik de t\u0131pk\u0131 kimyasallara, a\u015f\u0131nmalara ve y\u0131pranmalara g\u00f6sterdi\u011fi m\u00fckemmel dayan\u0131m gibi teknik \u00f6zellikler sayesinde ortaya koydu\u011fu ola\u011fan\u00fcst\u00fc performanst\u0131r.<br \/>\nT\u00fcm bu \u00f6zellikler sayesinde Lider Mermer, yo\u011fun yaya trafi\u011fi olan zeminler, yo\u011fun kullan\u0131lan mutfak tezgahlar\u0131, s\u0131k s\u0131k kimyasallarla temas eden banyo tezgahlar\u0131 ve her t\u00fcrl\u00fc \u00f6zel uygulama alanlar\u0131 i\u00e7in bir numaral\u0131 tercihtir.[\/vc_column_text][vc_row_inner][vc_column_inner width=&#8221;1\/3&#8243;][vc_column_text]Mutfak Tezgahlar\u0131<br \/>\nBanyo Tezgahlar\u0131<br \/>\nYer D\u00f6\u015femeleri (Zeminler)<br \/>\nDuvar Kaplamalar\u0131 (Cepheler)[\/vc_column_text][\/vc_column_inner][vc_column_inner width=&#8221;1\/3&#8243;][vc_column_text]Mutfak Duvar Panelleri<br \/>\nDu\u015f ve Kabin Duvarlar\u0131<br \/>\nMerdiven Uygulamalar\u0131<br \/>\nMadalyon Uygulamalar\u0131[\/vc_column_text][\/vc_column_inner][vc_column_inner width=&#8221;1\/3&#8243;][vc_column_text]Masa ve Banko Uygulamalar\u0131<br \/>\nResepsiyon ve Hizmet Bankolar\u0131<br \/>\nAsans\u00f6r Zeminleri<br \/>\n\u015e\u00f6mine[\/vc_column_text][\/vc_column_inner][\/vc_row_inner][\/vc_column][vc_column width=&#8221;1\/4&#8243;][vc_images_carousel images=&#8221;86,87&#8243; img_size=&#8221;280&#215;210&#8243; onclick=&#8221;link_no&#8221; autoplay=&#8221;yes&#8221; hide_pagination_control=&#8221;yes&#8221; hide_prev_next_buttons=&#8221;yes&#8221;][\/vc_column][\/vc_row]<\/p>\n<\/section>","protected":false},"excerpt":{"rendered":"<p>[vc_row][vc_column width=&#8221;3\/4&#8243;][vc_column_text]Lider Mermer \u00fcr\u00fcnlerini di\u011fer y\u00fczey kaplama malzemelerinden ay\u0131ran bir di\u011fer \u00f6zellik de t\u0131pk\u0131 kimyasallara, a\u015f\u0131nmalara ve y\u0131pranmalara g\u00f6sterdi\u011fi m\u00fckemmel dayan\u0131m gibi teknik \u00f6zellikler sayesinde ortaya koydu\u011fu ola\u011fan\u00fcst\u00fc performanst\u0131r. T\u00fcm bu \u00f6zellikler sayesinde Lider Mermer, yo\u011fun yaya trafi\u011fi olan zeminler, yo\u011fun kullan\u0131lan mutfak tezgahlar\u0131, s\u0131k s\u0131k kimyasallarla temas eden banyo tezgahlar\u0131 ve her t\u00fcrl\u00fc \u00f6zel [&hellip;]<\/p>\n","protected":false},"author":1,"featured_media":0,"parent":0,"menu_order":0,"comment_status":"closed","ping_status":"closed","template":"","meta":[],"aioseo_notices":[],"_links":{"self":[{"href":"https:\/\/www.lidermermer.com\/ar\/wp-json\/wp\/v2\/pages\/95"}],"collection":[{"href":"https:\/\/www.lidermermer.com\/ar\/wp-json\/wp\/v2\/pages"}],"about":[{"href":"https:\/\/www.lidermermer.com\/ar\/wp-json\/wp\/v2\/types\/page"}],"author":[{"embeddable":true,"href":"https:\/\/www.lidermermer.com\/ar\/wp-json\/wp\/v2\/users\/1"}],"replies":[{"embeddable":true,"href":"https:\/\/www.lidermermer.com\/ar\/wp-json\/wp\/v2\/comments?post=95"}],"version-history":[{"count":5,"href":"https:\/\/www.lidermermer.com\/ar\/wp-json\/wp\/v2\/pages\/95\/revisions"}],"predecessor-version":[{"id":100,"href":"https:\/\/www.lidermermer.com\/ar\/wp-json\/wp\/v2\/pages\/95\/revisions\/100"}],"wp:attachment":[{"href":"https:\/\/www.lidermermer.com\/ar\/wp-json\/wp\/v2\/media?parent=95"}],"curies":[{"name":"wp","href":"https:\/\/api.w.org\/{rel}","templated":true}]}}