{"id":761,"date":"2017-03-18T17:23:55","date_gmt":"2017-03-18T15:23:55","guid":{"rendered":"http:\/\/www.lidermermer.com\/?page_id=761"},"modified":"2017-04-27T19:13:12","modified_gmt":"2017-04-27T16:13:12","slug":"referanslar","status":"publish","type":"page","link":"https:\/\/www.lidermermer.com\/ar\/referanslar\/","title":{"rendered":"\u0627\u0644\u062a\u0648\u0635\u064a\u0627\u062a"},"content":{"rendered":"<section class=\"wpb-content-wrapper\"><p>[vc_row][vc_column][vc_column_text]<strong><span style=\"font-size: 18px;\">BA\u015eBAKANLIK DOLMABAH\u00c7E SARAYI<\/span><\/strong><br \/>\n<strong><span style=\"font-size: 18px;\"> BA\u015eBAKANLIK VAHDETT\u0130N K\u00d6\u015eK\u00dc<\/span><\/strong><br \/>\n<strong><span style=\"font-size: 18px;\"> CRATOS PREMIUM HOTEL<\/span><\/strong><br \/>\n<strong><span style=\"font-size: 18px;\"> DEDEMAN PARK HOTEL<\/span><\/strong><br \/>\n<strong><span style=\"font-size: 18px;\"> SARAY MUHALLEB\u0130C\u0130LER\u0130<\/span><\/strong><br \/>\n<strong><span style=\"font-size: 18px;\"> BALCI VAKIF \u00dcN\u0130VERS\u0130TES\u0130<\/span><\/strong><br \/>\n<strong><span style=\"font-size: 18px;\"> GRAND STAR HOTEL<\/span><\/strong><br \/>\n<strong><span style=\"font-size: 18px;\"> L\u0130FE HOTEL<\/span><\/strong><br \/>\n<strong><span style=\"font-size: 18px;\"> L\u0130FE PLUS HOTEL<\/span><\/strong><br \/>\n<strong><span style=\"font-size: 18px;\"> HALDIZ \u0130N\u015eAAT<\/span><\/strong><br \/>\n<strong><span style=\"font-size: 18px;\"> ECZACIBA\u015eI<\/span><\/strong><br \/>\n<strong><span style=\"font-size: 18px;\"> BR\u0130STOL HOTEL<\/span><\/strong><br \/>\n<strong><span style=\"font-size: 18px;\"> CRATOS PREMIUM HOTEL<\/span><\/strong><br \/>\n<strong><span style=\"font-size: 18px;\"> GOLDEN PEN HOTEL<\/span><\/strong><br \/>\n<strong><span style=\"font-size: 18px;\"> ALYA V\u0130LLALARI<\/span><\/strong><br \/>\n<strong><span style=\"font-size: 18px;\"> PARK ONE V\u0130LLALARI<\/span><\/strong><br \/>\n<strong><span style=\"font-size: 18px;\"> GREEN P\u0130NE RES\u0130DENCE<\/span><\/strong><br \/>\n<strong><span style=\"font-size: 18px;\"> S OF\u0130S<\/span><\/strong><br \/>\n<strong><span style=\"font-size: 18px;\"> METALKOM<\/span><\/strong><br \/>\n<strong><span style=\"font-size: 18px;\"> GNS CREATIVE<\/span><\/strong><br \/>\n<strong><span style=\"font-size: 18px;\"> KAHVE D\u00dcNYASI<\/span><\/strong><br \/>\n<strong><span style=\"font-size: 18px;\"> GLOR\u0130A JEANS COFFEES<\/span><\/strong><br \/>\n<strong><span style=\"font-size: 18px;\"> ASTA\u015e JUK\u0130<\/span><\/strong><br \/>\n<strong><span style=\"font-size: 18px;\"> K\u0130LYOS POL\u0130S OKULU<\/span><\/strong><br \/>\n<strong><span style=\"font-size: 18px;\"> MARKAL TUR\u0130ZM OTELC\u0130L\u0130K<\/span><\/strong><br \/>\n<strong><span style=\"font-size: 18px;\"> TEMPUS RES\u0130DENCE<\/span><\/strong><br \/>\n<strong><span style=\"font-size: 18px;\"> TEMSA GEBZE FABR\u0130KA<\/span><\/strong><br \/>\n<strong><span style=\"font-size: 18px;\"> EY\u00dcP BEL. SOSYAL TES\u0130SLER\u0130<\/span><\/strong><br \/>\n<strong><span style=\"font-size: 18px;\"> HAKAN KIRAN M\u0130MARLIK<\/span><\/strong><br \/>\n<strong><span style=\"font-size: 18px;\"> V\u0130TR\u0130N G\u0130Y\u0130M MA\u011eAZALARI<\/span><\/strong><br \/>\n<strong><span style=\"font-size: 18px;\"> NAMLI MARKETLER\u0130<\/span><\/strong><br \/>\n<strong><span style=\"font-size: 18px;\"> SATYA \u0130N\u015eAAT<\/span><\/strong><br \/>\n<strong><span style=\"font-size: 18px;\"> \u0130NSA \u0130N\u015eAAT<\/span><\/strong><br \/>\n<strong><span style=\"font-size: 18px;\"> YE\u015e\u0130LDA\u011e \u0130N\u015eAAT<\/span><\/strong><br \/>\n<strong><span style=\"font-size: 18px;\"> KAYAPI \u0130N\u015eAAT<\/span><\/strong><br \/>\n<strong><span style=\"font-size: 18px;\"> EK\u015e\u0130O\u011eLU \u0130N\u015eAAT<\/span><\/strong><br \/>\n<strong><span style=\"font-size: 18px;\"> MATA \u0130N\u015eAAT<\/span><\/strong><br \/>\n<strong><span style=\"font-size: 18px;\"> ARTI B\u0130R YAPI GRUP<\/span><\/strong><br \/>\n<strong><span style=\"font-size: 18px;\"> ALBA \u0130N\u015eAAT<\/span><\/strong><br \/>\n<strong><span style=\"font-size: 18px;\"> AKPOLAT \u0130N\u015eAAT<\/span><\/strong><br \/>\n<strong><span style=\"font-size: 18px;\"> KARE \u0130N\u015eAAT<\/span><\/strong><br \/>\n<strong><span style=\"font-size: 18px;\"> TURKUAZ \u0130N\u015eAAT<\/span><\/strong><br \/>\n<strong><span style=\"font-size: 18px;\"> SEMAK YAPI<\/span><\/strong><br \/>\n<strong><span style=\"font-size: 18px;\"> ARZ YAPI<\/span><\/strong><br \/>\n<strong><span style=\"font-size: 18px;\"> EKOL \u0130N\u015eAAT<\/span><\/strong><br \/>\n<strong><span style=\"font-size: 18px;\"> ADIG\u00dcZEL \u0130N\u015eAAT<\/span><\/strong><br \/>\n<strong><span style=\"font-size: 18px;\"> G\u00dcM\u00dc\u015e \u0130N\u015eAAT<\/span><\/strong><br \/>\n<strong><span style=\"font-size: 18px;\"> BA\u015eARIR \u0130N\u015eAAT<\/span><\/strong><br \/>\n<strong><span style=\"font-size: 18px;\"> M\u0130N\u0130TA\u015e ASANS\u00d6RLER\u0130<\/span><\/strong>[\/vc_column_text][\/vc_column][\/vc_row]<\/p>\n<\/section>","protected":false},"excerpt":{"rendered":"<p>[vc_row][vc_column][vc_column_text]BA\u015eBAKANLIK DOLMABAH\u00c7E SARAYI BA\u015eBAKANLIK VAHDETT\u0130N K\u00d6\u015eK\u00dc CRATOS PREMIUM HOTEL DEDEMAN PARK HOTEL SARAY MUHALLEB\u0130C\u0130LER\u0130 BALCI VAKIF \u00dcN\u0130VERS\u0130TES\u0130 GRAND STAR HOTEL L\u0130FE HOTEL L\u0130FE PLUS HOTEL HALDIZ \u0130N\u015eAAT ECZACIBA\u015eI BR\u0130STOL HOTEL CRATOS PREMIUM HOTEL GOLDEN PEN HOTEL ALYA V\u0130LLALARI PARK ONE V\u0130LLALARI GREEN P\u0130NE RES\u0130DENCE S OF\u0130S METALKOM GNS CREATIVE KAHVE D\u00dcNYASI GLOR\u0130A JEANS COFFEES ASTA\u015e [&hellip;]<\/p>\n","protected":false},"author":1,"featured_media":0,"parent":0,"menu_order":0,"comment_status":"closed","ping_status":"closed","template":"","meta":[],"aioseo_notices":[],"_links":{"self":[{"href":"https:\/\/www.lidermermer.com\/ar\/wp-json\/wp\/v2\/pages\/761"}],"collection":[{"href":"https:\/\/www.lidermermer.com\/ar\/wp-json\/wp\/v2\/pages"}],"about":[{"href":"https:\/\/www.lidermermer.com\/ar\/wp-json\/wp\/v2\/types\/page"}],"author":[{"embeddable":true,"href":"https:\/\/www.lidermermer.com\/ar\/wp-json\/wp\/v2\/users\/1"}],"replies":[{"embeddable":true,"href":"https:\/\/www.lidermermer.com\/ar\/wp-json\/wp\/v2\/comments?post=761"}],"version-history":[{"count":5,"href":"https:\/\/www.lidermermer.com\/ar\/wp-json\/wp\/v2\/pages\/761\/revisions"}],"predecessor-version":[{"id":773,"href":"https:\/\/www.lidermermer.com\/ar\/wp-json\/wp\/v2\/pages\/761\/revisions\/773"}],"wp:attachment":[{"href":"https:\/\/www.lidermermer.com\/ar\/wp-json\/wp\/v2\/media?parent=761"}],"curies":[{"name":"wp","href":"https:\/\/api.w.org\/{rel}","templated":true}]}}