{"id":48,"date":"2017-03-01T10:48:31","date_gmt":"2017-03-01T08:48:31","guid":{"rendered":"http:\/\/www.lidermermer.com\/?page_id=48"},"modified":"2021-03-13T11:10:48","modified_gmt":"2021-03-13T08:10:48","slug":"bize-ulasin","status":"publish","type":"page","link":"https:\/\/www.lidermermer.com\/ar\/bize-ulasin\/","title":{"rendered":"\u062a\u0648\u0627\u0635\u0644\u0648\u0627 \u0645\u0639\u0646\u0627"},"content":{"rendered":"<section class=\"wpb-content-wrapper\"><p><\/p>\n<p>[vc_row][vc_column width=&#8221;1\/3&#8243;][vc_custom_heading text=&#8221;<strong>\u0639\u0646\u0648\u0627\u0646 \u0627\u0644\u0645\u0631\u0643\u0632<\/strong>&#8221; font_container=&#8221;tag:h4|text_align:left&#8221; use_theme_fonts=&#8221;yes&#8221; skin=&#8221;dark&#8221;][vc_column_text]Merkez Mh. Mermer Sk. No:5 Ka\u011f\u0131thane \/ \u0130stanbul &#8211; T\u00dcRK\u0130YE<br \/>\n+90 212 294 0485<br \/>\n+90 212 295 1900<br \/>\ninfo@lidermermer.com[\/vc_column_text][vc_separator color=&#8221;custom&#8221; gradient=&#8221;yes&#8221;][vc_custom_heading text=&#8221;<strong>\u0633\u0627\u0639\u0627\u062a \u0627\u0644\u062f\u0648\u0627\u0645<\/strong>&#8221; font_container=&#8221;tag:h4|text_align:left&#8221; use_theme_fonts=&#8221;yes&#8221; skin=&#8221;dark&#8221;][vc_column_text]\u0627\u064a\u0627\u0645 \u0627\u0644\u0639\u0645\u0644 \u0641\u064a \u0627\u0644\u0627\u0633\u0628\u0648\u0639 (\u0627\u0644\u0625\u062b\u0646\u064a\u0646-\u0627\u0644\u062c\u0645\u0639\u0629) \/ 9:00 &#8211; 18:00<br \/>\n\u0646\u0647\u0627\u064a\u0629 \u0627\u0644\u0627\u0633\u0628\u0648\u0639 (\u0627\u0644\u0633\u0628\u062a) \/ 09:00 &#8211; 13:00<br \/>\n\u0646\u0647\u0627\u064a\u0629 \u0627\u0644\u0627\u0633\u0628\u0648\u0639 (\u0627\u0644\u0623\u062d\u062f) \u0645\u063a\u0644\u0642[\/vc_column_text][vc_separator color=&#8221;custom&#8221; gradient=&#8221;yes&#8221;][vc_gmaps link=&#8221;#E-8_JTNDaWZyYW1lJTIwc3JjJTNEJTIyaHR0cHMlM0ElMkYlMkZ3d3cuZ29vZ2xlLmNvbSUyRm1hcHMlMkZlbWJlZCUzRnBiJTNEJTIxMW0xNCUyMTFtMTIlMjExbTMlMjExZDIzMC4wNzkwMTU0MzY3MTA3JTIxMmQyOC45NzM5ODA4NzU4OTU5NDMlMjEzZDQxLjA4MTI5MjYxNjE2MTIzJTIxMm0zJTIxMWYwJTIxMmYwJTIxM2YwJTIxM20yJTIxMWkxMDI0JTIxMmk3NjglMjE0ZjEzLjElMjE1ZTAlMjEzbTIlMjExc3RyJTIxMnN0ciUyMTR2MTQ4ODM5MDQxNjEwOSUyMiUyMHdpZHRoJTNEJTIyJTI1MTAwJTIyJTIwaGVpZ2h0JTNEJTIyMzAwJTIyJTIwZnJhbWVib3JkZXIlM0QlMjIwJTIyJTIwc3R5bGUlM0QlMjJib3JkZXIlM0EwJTIyJTIwYWxsb3dmdWxsc2NyZWVuJTNFJTNDJTJGaWZyYW1lJTNF&#8221;][\/vc_column][vc_column width=&#8221;1\/3&#8243;][vc_custom_heading text=&#8221;<strong>\u0627\u0644\u062a\u0648\u0627\u0635\u0644 <\/strong>&#8221; font_container=&#8221;tag:h4|text_align:left&#8221; use_theme_fonts=&#8221;yes&#8221; skin=&#8221;dark&#8221;][vc_column_text]\u064a\u0645\u0643\u0646\u0643\u0645 \u0627\u0644\u062a\u0648\u0627\u0635\u0644 \u0645\u0639\u0646\u0627 \u0639\u0628\u0631 \u0627\u0644\u0628\u0631\u064a\u062f \u0627\u0644\u0627\u0644\u0643\u062a\u0631\u0648\u0646\u064a\u060c \u0627\u0644\u0647\u0627\u062a\u0641 \u0627\u0648 \u0627\u0644\u0627\u0633\u062a\u0645\u0627\u0631\u0629 \u0623\u062f\u0646\u0627\u0647. \u0633\u0648\u0641 \u0646\u062a\u0648\u0627\u0635\u0644 \u0645\u0639\u0643\u0645 \u062e\u0644\u0627\u0644 \u0623\u0642\u0635\u0631 \u0648\u0642\u062a \u0645\u0645\u0643\u0646.[\/vc_column_text][vc_separator color=&#8221;custom&#8221; gradient=&#8221;yes&#8221;]\n<div class=\"wpcf7 no-js\" id=\"wpcf7-f47-o4\" lang=\"tr-TR\" dir=\"ltr\">\n<div class=\"screen-reader-response\"><p role=\"status\" aria-live=\"polite\" aria-atomic=\"true\"><\/p> <ul><\/ul><\/div>\n<form action=\"\/ar\/wp-json\/wp\/v2\/pages\/48#wpcf7-f47-o4\" method=\"post\" class=\"wpcf7-form init\" aria-label=\"Contact form\" novalidate=\"novalidate\" data-status=\"init\">\n<div style=\"display: none;\">\n<input type=\"hidden\" name=\"_wpcf7\" value=\"47\" \/>\n<input type=\"hidden\" name=\"_wpcf7_version\" value=\"5.7.7\" \/>\n<input type=\"hidden\" name=\"_wpcf7_locale\" value=\"tr_TR\" \/>\n<input type=\"hidden\" name=\"_wpcf7_unit_tag\" value=\"wpcf7-f47-o4\" \/>\n<input type=\"hidden\" name=\"_wpcf7_container_post\" value=\"0\" \/>\n<input type=\"hidden\" name=\"_wpcf7_posted_data_hash\" value=\"\" \/>\n<\/div>\n<p>\u0627\u0644\u0627\u0633\u0645 \u0648 \u0627\u0644\u0644\u0642\u0628 (*)\n<\/p>\n<p><span class=\"wpcf7-form-control-wrap\" data-name=\"your-name\"><input size=\"40\" class=\"wpcf7-form-control wpcf7-text wpcf7-validates-as-required\" aria-required=\"true\" aria-invalid=\"false\" value=\"\" type=\"text\" name=\"your-name\" \/><\/span>\n<\/p>\n<p>\u0628\u0631\u064a\u062f\u0643\u0645 \u0627\u0644\u0627\u0644\u0643\u062a\u0631\u0648\u0646\u064a (*)\n<\/p>\n<p><span class=\"wpcf7-form-control-wrap\" data-name=\"your-email\"><input size=\"40\" class=\"wpcf7-form-control wpcf7-text wpcf7-email wpcf7-validates-as-required wpcf7-validates-as-email\" aria-required=\"true\" aria-invalid=\"false\" value=\"\" type=\"email\" name=\"your-email\" \/><\/span>\n<\/p>\n<p>\u0644\u062f\u064a\u0643 \u0631\u0642\u0645 \u0627\u0644\u0647\u0627\u062a\u0641 (*)\n<\/p>\n<p><span class=\"wpcf7-form-control-wrap\" data-name=\"tel-377\"><input size=\"40\" class=\"wpcf7-form-control wpcf7-text wpcf7-tel wpcf7-validates-as-required wpcf7-validates-as-tel\" aria-required=\"true\" aria-invalid=\"false\" value=\"\" type=\"tel\" name=\"tel-377\" \/><\/span>\n<\/p>\n<p>\u0645\u0648\u0636\u0648\u0639\n<\/p>\n<p><span class=\"wpcf7-form-control-wrap\" data-name=\"your-subject\"><input size=\"40\" class=\"wpcf7-form-control wpcf7-text\" aria-invalid=\"false\" value=\"\" type=\"text\" name=\"your-subject\" \/><\/span>\n<\/p>\n<p>\u0631\u0633\u0627\u0644\u062a\u0643\n<\/p>\n<p><span class=\"wpcf7-form-control-wrap\" data-name=\"your-message\"><textarea cols=\"40\" rows=\"10\" class=\"wpcf7-form-control wpcf7-textarea\" aria-invalid=\"false\" name=\"your-message\"><\/textarea><\/span>\n<\/p>\n<p><input class=\"wpcf7-form-control has-spinner wpcf7-submit\" type=\"submit\" value=\"\u0639\u0631\u0636\" \/>\n<\/p>\n<p>\u0627\u0644\u062d\u0642\u0648\u0644 \u0627\u0644\u0645\u0634\u0627\u0631 \u0625\u0644\u064a\u0647\u0627 \u0628\u0640 (*) \u064a\u062a\u0648\u062c\u0628 \u0645\u0644\u0624\u0647\u0627\n<\/p><div class=\"wpcf7-response-output\" aria-hidden=\"true\"><\/div>\n<\/form>\n<\/div>\n[\/vc_column][\/vc_row]<\/p>\n<p><\/p>\n<\/section>","protected":false},"excerpt":{"rendered":"<p>[vc_row][vc_column width=&#8221;1\/3&#8243;][vc_custom_heading text=&#8221;\u0639\u0646\u0648\u0627\u0646 \u0627\u0644\u0645\u0631\u0643\u0632&#8221; font_container=&#8221;tag:h4|text_align:left&#8221; use_theme_fonts=&#8221;yes&#8221; skin=&#8221;dark&#8221;][vc_column_text]Merkez Mh. Mermer Sk. No:5 Ka\u011f\u0131thane \/ \u0130stanbul &#8211; T\u00dcRK\u0130YE +90 212 294 0485 +90 212 295 1900 info@lidermermer.com[\/vc_column_text][vc_separator color=&#8221;custom&#8221; gradient=&#8221;yes&#8221;][vc_custom_heading text=&#8221;\u0633\u0627\u0639\u0627\u062a \u0627\u0644\u062f\u0648\u0627\u0645&#8221; font_container=&#8221;tag:h4|text_align:left&#8221; use_theme_fonts=&#8221;yes&#8221; skin=&#8221;dark&#8221;][vc_column_text]\u0627\u064a\u0627\u0645 \u0627\u0644\u0639\u0645\u0644 \u0641\u064a \u0627\u0644\u0627\u0633\u0628\u0648\u0639 (\u0627\u0644\u0625\u062b\u0646\u064a\u0646-\u0627\u0644\u062c\u0645\u0639\u0629) \/ 9:00 &#8211; 18:00 \u0646\u0647\u0627\u064a\u0629 \u0627\u0644\u0627\u0633\u0628\u0648\u0639 (\u0627\u0644\u0633\u0628\u062a) \/ 09:00 &#8211; 13:00 \u0646\u0647\u0627\u064a\u0629 \u0627\u0644\u0627\u0633\u0628\u0648\u0639 (\u0627\u0644\u0623\u062d\u062f) \u0645\u063a\u0644\u0642[\/vc_column_text][vc_separator color=&#8221;custom&#8221; gradient=&#8221;yes&#8221;][vc_gmaps link=&#8221;#E-8_JTNDaWZyYW1lJTIwc3JjJTNEJTIyaHR0cHMlM0ElMkYlMkZ3d3cuZ29vZ2xlLmNvbSUyRm1hcHMlMkZlbWJlZCUzRnBiJTNEJTIxMW0xNCUyMTFtMTIlMjExbTMlMjExZDIzMC4wNzkwMTU0MzY3MTA3JTIxMmQyOC45NzM5ODA4NzU4OTU5NDMlMjEzZDQxLjA4MTI5MjYxNjE2MTIzJTIxMm0zJTIxMWYwJTIxMmYwJTIxM2YwJTIxM20yJTIxMWkxMDI0JTIxMmk3NjglMjE0ZjEzLjElMjE1ZTAlMjEzbTIlMjExc3RyJTIxMnN0ciUyMTR2MTQ4ODM5MDQxNjEwOSUyMiUyMHdpZHRoJTNEJTIyJTI1MTAwJTIyJTIwaGVpZ2h0JTNEJTIyMzAwJTIyJTIwZnJhbWVib3JkZXIlM0QlMjIwJTIyJTIwc3R5bGUlM0QlMjJib3JkZXIlM0EwJTIyJTIwYWxsb3dmdWxsc2NyZWVuJTNFJTNDJTJGaWZyYW1lJTNF&#8221;][\/vc_column][vc_column width=&#8221;1\/3&#8243;][vc_custom_heading [&hellip;]<\/p>\n","protected":false},"author":1,"featured_media":0,"parent":0,"menu_order":0,"comment_status":"closed","ping_status":"closed","template":"","meta":[],"aioseo_notices":[],"_links":{"self":[{"href":"https:\/\/www.lidermermer.com\/ar\/wp-json\/wp\/v2\/pages\/48"}],"collection":[{"href":"https:\/\/www.lidermermer.com\/ar\/wp-json\/wp\/v2\/pages"}],"about":[{"href":"https:\/\/www.lidermermer.com\/ar\/wp-json\/wp\/v2\/types\/page"}],"author":[{"embeddable":true,"href":"https:\/\/www.lidermermer.com\/ar\/wp-json\/wp\/v2\/users\/1"}],"replies":[{"embeddable":true,"href":"https:\/\/www.lidermermer.com\/ar\/wp-json\/wp\/v2\/comments?post=48"}],"version-history":[{"count":46,"href":"https:\/\/www.lidermermer.com\/ar\/wp-json\/wp\/v2\/pages\/48\/revisions"}],"predecessor-version":[{"id":810,"href":"https:\/\/www.lidermermer.com\/ar\/wp-json\/wp\/v2\/pages\/48\/revisions\/810"}],"wp:attachment":[{"href":"https:\/\/www.lidermermer.com\/ar\/wp-json\/wp\/v2\/media?parent=48"}],"curies":[{"name":"wp","href":"https:\/\/api.w.org\/{rel}","templated":true}]}}