{"id":325,"date":"2017-03-07T19:41:41","date_gmt":"2017-03-07T17:41:41","guid":{"rendered":"http:\/\/www.lidermermer.com\/?page_id=325"},"modified":"2017-04-27T20:05:52","modified_gmt":"2017-04-27T17:05:52","slug":"yari-degerli-taslar","status":"publish","type":"page","link":"https:\/\/www.lidermermer.com\/ar\/yari-degerli-taslar\/","title":{"rendered":"Yar\u0131 De\u011ferli Ta\u015flar"},"content":{"rendered":"<section class=\"wpb-content-wrapper\"><p>[vc_row][vc_column][vc_media_grid element_width=&#8221;3&#8243; gap=&#8221;20&#8243; item=&#8221;115&#8243; grid_id=&#8221;vc_gid:1489159385363-657c2c08-8e12-5&#8243; include=&#8221;327,328,329,330,331,332,333,334,335,337,338,339,340,341,342,343,344,345,346,347,348,349,350&#8243;][\/vc_column][\/vc_row]<\/p>\n<\/section>","protected":false},"excerpt":{"rendered":"<p>[vc_row][vc_column][vc_media_grid element_width=&#8221;3&#8243; gap=&#8221;20&#8243; item=&#8221;115&#8243; grid_id=&#8221;vc_gid:1489159385363-657c2c08-8e12-5&#8243; include=&#8221;327,328,329,330,331,332,333,334,335,337,338,339,340,341,342,343,344,345,346,347,348,349,350&#8243;][\/vc_column][\/vc_row]<\/p>\n","protected":false},"author":1,"featured_media":0,"parent":0,"menu_order":0,"comment_status":"closed","ping_status":"closed","template":"","meta":[],"aioseo_notices":[],"_links":{"self":[{"href":"https:\/\/www.lidermermer.com\/ar\/wp-json\/wp\/v2\/pages\/325"}],"collection":[{"href":"https:\/\/www.lidermermer.com\/ar\/wp-json\/wp\/v2\/pages"}],"about":[{"href":"https:\/\/www.lidermermer.com\/ar\/wp-json\/wp\/v2\/types\/page"}],"author":[{"embeddable":true,"href":"https:\/\/www.lidermermer.com\/ar\/wp-json\/wp\/v2\/users\/1"}],"replies":[{"embeddable":true,"href":"https:\/\/www.lidermermer.com\/ar\/wp-json\/wp\/v2\/comments?post=325"}],"version-history":[{"count":3,"href":"https:\/\/www.lidermermer.com\/ar\/wp-json\/wp\/v2\/pages\/325\/revisions"}],"predecessor-version":[{"id":780,"href":"https:\/\/www.lidermermer.com\/ar\/wp-json\/wp\/v2\/pages\/325\/revisions\/780"}],"wp:attachment":[{"href":"https:\/\/www.lidermermer.com\/ar\/wp-json\/wp\/v2\/media?parent=325"}],"curies":[{"name":"wp","href":"https:\/\/api.w.org\/{rel}","templated":true}]}}